{"id":6,"date":"2024-09-30T14:48:15","date_gmt":"2024-09-30T12:48:15","guid":{"rendered":"http:\/\/disigner.bplaced.net\/kaffeetechnik\/?page_id=6"},"modified":"2025-03-16T18:54:29","modified_gmt":"2025-03-16T17:54:29","slug":"leistungen","status":"publish","type":"page","link":"https:\/\/www.lagler-technik.at\/?page_id=6","title":{"rendered":"Verkauf"},"content":{"rendered":"\n<h2 class=\"wp-block-heading has-medium-font-size\" style=\"margin-top:0\">Kaffeetechnik:<\/h2>\n\n\n\n<p>Ist ihr Kaffeevollautomat defekt, oder sind die Reparaturkosten zu hoch? \u00a0<\/p>\n\n\n\n<p>Wir bieten ihnen den\u00a0 Verkauf von general\u00fcberholten und servicierten Kaffeevollautomaten\u00a0an.<\/p>\n\n\n\n<p>Auch kaufe ich defekte Kaffeemaschinen vieler Hersteller zu fairen Preisen&nbsp;an.<\/p>\n\n\n\n<p>Oder ben\u00f6tigen sie Ersatzteile f\u00fcr ihre Kaffeemaschine? Wir haben die g\u00e4ngigsten Ersatzteile auf Lager.<\/p>\n\n\n\n<h2 class=\"wp-block-heading has-medium-font-size\" style=\"margin-top:var(--wp--preset--spacing--60)\">Elektrotechnik:<\/h2>\n\n\n\n<p>Ben\u00f6tigen sie Elektromaterialien oder muss ihr Z\u00e4hlerkasten auf neuen elektrotechnischen Stand gebracht werden.<\/p>\n\n\n\n<p>Wollen sie <\/p>\n\n\n\n<ul class=\"wp-block-list\">\n<li>ihr Eigenheim automatisieren,<\/li>\n<\/ul>\n\n\n\n<ul class=\"wp-block-list\">\n<li>ihr PV-Anlage,<\/li>\n\n\n\n<li>ihre Batterien bei g\u00fcnstigen Stromtarifen vom Netz laden oder <\/li>\n\n\n\n<li>einfach ihre W\u00e4rmepumpe in ihre Hausautomatisierung<br>einbinden&#8230;<\/li>\n<\/ul>\n\n\n\n<p>Gerne helfen wir ihnen oder machen ihnen ein Angebot.<\/p>\n\n\n\n<p><\/p>\n","protected":false},"excerpt":{"rendered":"<p>Kaffeetechnik: Ist ihr Kaffeevollautomat defekt, oder sind die Reparaturkosten zu hoch? \u00a0 Wir bieten ihnen den\u00a0 Verkauf von general\u00fcberholten und servicierten Kaffeevollautomaten\u00a0an. Auch kaufe ich defekte Kaffeemaschinen vieler Hersteller zu fairen Preisen&nbsp;an. Oder ben\u00f6tigen sie Ersatzteile f\u00fcr ihre Kaffeemaschine? Wir haben die g\u00e4ngigsten Ersatzteile auf Lager. Elektrotechnik: Ben\u00f6tigen sie Elektromaterialien oder muss ihr Z\u00e4hlerkasten auf [&hellip;]<\/p>\n","protected":false},"author":1,"featured_media":0,"parent":0,"menu_order":4,"comment_status":"closed","ping_status":"closed","template":"","meta":{"footnotes":""},"class_list":["post-6","page","type-page","status-publish","hentry"],"_links":{"self":[{"href":"https:\/\/www.lagler-technik.at\/index.php?rest_route=\/wp\/v2\/pages\/6","targetHints":{"allow":["GET"]}}],"collection":[{"href":"https:\/\/www.lagler-technik.at\/index.php?rest_route=\/wp\/v2\/pages"}],"about":[{"href":"https:\/\/www.lagler-technik.at\/index.php?rest_route=\/wp\/v2\/types\/page"}],"author":[{"embeddable":true,"href":"https:\/\/www.lagler-technik.at\/index.php?rest_route=\/wp\/v2\/users\/1"}],"replies":[{"embeddable":true,"href":"https:\/\/www.lagler-technik.at\/index.php?rest_route=%2Fwp%2Fv2%2Fcomments&post=6"}],"version-history":[{"count":11,"href":"https:\/\/www.lagler-technik.at\/index.php?rest_route=\/wp\/v2\/pages\/6\/revisions"}],"predecessor-version":[{"id":485,"href":"https:\/\/www.lagler-technik.at\/index.php?rest_route=\/wp\/v2\/pages\/6\/revisions\/485"}],"wp:attachment":[{"href":"https:\/\/www.lagler-technik.at\/index.php?rest_route=%2Fwp%2Fv2%2Fmedia&parent=6"}],"curies":[{"name":"wp","href":"https:\/\/api.w.org\/{rel}","templated":true}]}}