{"id":170,"date":"2024-11-22T16:00:49","date_gmt":"2024-11-22T15:00:49","guid":{"rendered":"http:\/\/disigner.bplaced.net\/kaffeetechnik\/?page_id=170"},"modified":"2025-03-10T17:16:02","modified_gmt":"2025-03-10T16:16:02","slug":"kaffeemaschinen","status":"publish","type":"page","link":"https:\/\/www.lagler-technik.at\/?page_id=170","title":{"rendered":"Kaffeemaschinen"},"content":{"rendered":"\n<p>Wir bieten Ihnen den&nbsp; Verkauf von general\u00fcberholten und servierten Kaffeevollautomaten&nbsp;an.<\/p>\n\n\n\n<p>Wir haben \u00fcblicherweise mehrere Kaffeevollautomaten g\u00e4ngiger Marken zum Verkauf.<\/p>\n\n\n\n<p><\/p>\n\n\n\n<p>Die hier gezeigten Bilder dienen nur symbolisch zur Darstellung. <\/p>\n\n\n\n<p>Bei Interesse bitte wir um Kontaktaufnahme.<\/p>\n\n\n\n<p>Gerne beraten wir sie Vorort.<\/p>\n\n\n\n<div class=\"wp-block-columns is-layout-flex wp-container-core-columns-is-layout-28f84493 wp-block-columns-is-layout-flex\">\n<div class=\"wp-block-column is-layout-flow wp-block-column-is-layout-flow\" style=\"flex-basis:100%\">\n<pre class=\"wp-block-preformatted\"><div id=\"metaslider-id-227\" style=\"max-width: 300px;\" class=\"ml-slider-3-108-0 metaslider metaslider-flex metaslider-227 ml-slider ms-theme-clarity nav-hidden\" role=\"region\" aria-label=\"Kaffeemaschinen Leihger\u00e4te Philips\" data-height=\"300\" data-width=\"300\">\n    <div id=\"metaslider_container_227\">\n        <div id=\"metaslider_227\">\n            <ul class='slides'>\n                <li style=\"display: block; width: 100%;\" class=\"slide-231 ms-image \" aria-roledescription=\"slide\" data-date=\"2024-12-04 11:10:21\" data-filename=\"PhilipsEP2200-300x300.webp\" data-slide-type=\"image\"><img loading=\"lazy\" decoding=\"async\" src=\"https:\/\/www.lagler-technik.at\/wp-content\/uploads\/2025\/03\/PhilipsEP2200-300x300.webp\" height=\"300\" width=\"300\" alt=\"\" class=\"slider-227 slide-231 msDefaultImage\" title=\"PhilipsEP2200\" \/><div class=\"caption-wrap\"><div class=\"caption\"><div>Philips Kaffee Vollautomaten<\/div><\/div><\/div><\/li>\n                <li style=\"display: none; width: 100%;\" class=\"slide-321 ms-image \" aria-roledescription=\"slide\" data-date=\"2025-03-05 09:38:29\" data-filename=\"SaecoIntelia-201x201.jpg\" data-slide-type=\"image\"><img loading=\"lazy\" decoding=\"async\" src=\"https:\/\/www.lagler-technik.at\/wp-content\/uploads\/2025\/03\/SaecoIntelia-201x201.jpg\" height=\"300\" width=\"300\" alt=\"\" class=\"slider-227 slide-321 msDefaultImage\" title=\"SaecoIntelia\" \/><div class=\"caption-wrap\"><div class=\"caption\"><div>DeLonghi Kaffee Vollautomaten<\/div><\/div><\/div><\/li>\n                <li style=\"display: none; width: 100%;\" class=\"slide-318 ms-image \" aria-roledescription=\"slide\" data-date=\"2025-03-05 09:34:17\" data-filename=\"DeLonghiMagnificaESAM3000-300x300.jpg\" data-slide-type=\"image\"><img loading=\"lazy\" decoding=\"async\" src=\"https:\/\/www.lagler-technik.at\/wp-content\/uploads\/2025\/03\/DeLonghiMagnificaESAM3000-300x300.jpg\" height=\"300\" width=\"300\" alt=\"\" class=\"slider-227 slide-318 msDefaultImage\" title=\"DeLonghiMagnificaESAM3000\" \/><div class=\"caption-wrap\"><div class=\"caption\"><div>DeLonghi Kaffee Vollautomaten<\/div><\/div><\/div><\/li>\n            <\/ul>\n        <\/div>\n        \n    <\/div>\n<\/div> <br><div id=\"metaslider-id-322\" style=\"max-width: 300px;\" class=\"ml-slider-3-108-0 metaslider metaslider-flex metaslider-322 ml-slider ms-theme-clarity nav-hidden nav-hidden\" role=\"region\" aria-label=\"Kaffeemaschinen Leihger\u00e4te Saeco\" data-height=\"300\" data-width=\"300\">\n    <div id=\"metaslider_container_322\">\n        <div id=\"metaslider_322\">\n            <ul class='slides'>\n                <li style=\"display: block; width: 100%;\" class=\"slide-325 ms-image \" aria-roledescription=\"slide\" data-date=\"2025-03-05 09:48:15\" data-filename=\"SaecoIntelia-201x201.jpg\" data-slide-type=\"image\"><img loading=\"lazy\" decoding=\"async\" src=\"https:\/\/www.lagler-technik.at\/wp-content\/uploads\/2025\/03\/SaecoIntelia-201x201.jpg\" height=\"300\" width=\"300\" alt=\"\" class=\"slider-322 slide-325 msDefaultImage\" title=\"SaecoIntelia\" \/><div class=\"caption-wrap\"><div class=\"caption\"><div>Saeco Kaffee Vollautomaten<\/div><\/div><\/div><\/li>\n                <li style=\"display: none; width: 100%;\" class=\"slide-324 ms-image \" aria-roledescription=\"slide\" data-date=\"2025-03-05 09:48:15\" data-filename=\"PhilipsEP2200-300x300.webp\" data-slide-type=\"image\"><img loading=\"lazy\" decoding=\"async\" src=\"https:\/\/www.lagler-technik.at\/wp-content\/uploads\/2025\/03\/PhilipsEP2200-300x300.webp\" height=\"300\" width=\"300\" alt=\"\" class=\"slider-322 slide-324 msDefaultImage\" title=\"PhilipsEP2200\" \/><div class=\"caption-wrap\"><div class=\"caption\"><div>Philips Kaffee Vollautomaten<\/div><\/div><\/div><\/li>\n                <li style=\"display: none; width: 100%;\" class=\"slide-323 ms-image \" aria-roledescription=\"slide\" data-date=\"2025-03-05 09:48:15\" data-filename=\"DeLonghiMagnificaESAM3000-300x300.jpg\" data-slide-type=\"image\"><img loading=\"lazy\" decoding=\"async\" src=\"https:\/\/www.lagler-technik.at\/wp-content\/uploads\/2025\/03\/DeLonghiMagnificaESAM3000-300x300.jpg\" height=\"300\" width=\"300\" alt=\"\" class=\"slider-322 slide-323 msDefaultImage\" title=\"DeLonghiMagnificaESAM3000\" \/><div class=\"caption-wrap\"><div class=\"caption\"><div>DeLonghi Kaffee Vollautomaten<\/div><\/div><\/div><\/li>\n            <\/ul>\n        <\/div>\n        \n    <\/div>\n<\/div> <br><div id=\"metaslider-id-327\" style=\"max-width: 300px;\" class=\"ml-slider-3-108-0 metaslider metaslider-flex metaslider-327 ml-slider ms-theme-clarity nav-hidden nav-hidden nav-hidden\" role=\"region\" aria-label=\"Kaffeemaschinen Leihger\u00e4te DeLonghi\" data-height=\"300\" data-width=\"300\">\n    <div id=\"metaslider_container_327\">\n        <div id=\"metaslider_327\">\n            <ul class='slides'>\n                <li style=\"display: block; width: 100%;\" class=\"slide-328 ms-image \" aria-roledescription=\"slide\" data-date=\"2025-03-05 09:48:57\" data-filename=\"DeLonghiMagnificaESAM3000-300x300.jpg\" data-slide-type=\"image\"><img loading=\"lazy\" decoding=\"async\" src=\"https:\/\/www.lagler-technik.at\/wp-content\/uploads\/2025\/03\/DeLonghiMagnificaESAM3000-300x300.jpg\" height=\"300\" width=\"300\" alt=\"\" class=\"slider-327 slide-328 msDefaultImage\" title=\"DeLonghiMagnificaESAM3000\" \/><div class=\"caption-wrap\"><div class=\"caption\"><div>DeLonghi Kaffee Vollautomaten<\/div><\/div><\/div><\/li>\n                <li style=\"display: none; width: 100%;\" class=\"slide-329 ms-image \" aria-roledescription=\"slide\" data-date=\"2025-03-05 09:48:57\" data-filename=\"PhilipsEP2200-300x300.webp\" data-slide-type=\"image\"><img loading=\"lazy\" decoding=\"async\" src=\"https:\/\/www.lagler-technik.at\/wp-content\/uploads\/2025\/03\/PhilipsEP2200-300x300.webp\" height=\"300\" width=\"300\" alt=\"\" class=\"slider-327 slide-329 msDefaultImage\" title=\"PhilipsEP2200\" \/><div class=\"caption-wrap\"><div class=\"caption\"><div>Philips Kaffee Vollautomaten<\/div><\/div><\/div><\/li>\n                <li style=\"display: none; width: 100%;\" class=\"slide-330 ms-image \" aria-roledescription=\"slide\" data-date=\"2025-03-05 09:48:57\" data-filename=\"SaecoIntelia-201x201.jpg\" data-slide-type=\"image\"><img loading=\"lazy\" decoding=\"async\" src=\"https:\/\/www.lagler-technik.at\/wp-content\/uploads\/2025\/03\/SaecoIntelia-201x201.jpg\" height=\"300\" width=\"300\" alt=\"\" class=\"slider-327 slide-330 msDefaultImage\" title=\"SaecoIntelia\" \/><div class=\"caption-wrap\"><div class=\"caption\"><div>DeLonghi Kaffee Vollautomaten<\/div><\/div><\/div><\/li>\n            <\/ul>\n        <\/div>\n        \n    <\/div>\n<\/div><\/pre>\n<\/div>\n<\/div>\n\n\n\n<p><\/p>\n\n\n\n<pre class=\"wp-block-preformatted\"> <\/pre>\n\n\n\n<p><\/p>\n","protected":false},"excerpt":{"rendered":"<p>Wir bieten Ihnen den&nbsp; Verkauf von general\u00fcberholten und servierten Kaffeevollautomaten&nbsp;an. Wir haben \u00fcblicherweise mehrere Kaffeevollautomaten g\u00e4ngiger Marken zum Verkauf. Die hier gezeigten Bilder dienen nur symbolisch zur Darstellung. Bei Interesse bitte wir um Kontaktaufnahme. Gerne beraten wir sie Vorort.<\/p>\n","protected":false},"author":1,"featured_media":0,"parent":6,"menu_order":0,"comment_status":"closed","ping_status":"closed","template":"","meta":{"footnotes":""},"class_list":["post-170","page","type-page","status-publish","hentry"],"_links":{"self":[{"href":"https:\/\/www.lagler-technik.at\/index.php?rest_route=\/wp\/v2\/pages\/170","targetHints":{"allow":["GET"]}}],"collection":[{"href":"https:\/\/www.lagler-technik.at\/index.php?rest_route=\/wp\/v2\/pages"}],"about":[{"href":"https:\/\/www.lagler-technik.at\/index.php?rest_route=\/wp\/v2\/types\/page"}],"author":[{"embeddable":true,"href":"https:\/\/www.lagler-technik.at\/index.php?rest_route=\/wp\/v2\/users\/1"}],"replies":[{"embeddable":true,"href":"https:\/\/www.lagler-technik.at\/index.php?rest_route=%2Fwp%2Fv2%2Fcomments&post=170"}],"version-history":[{"count":5,"href":"https:\/\/www.lagler-technik.at\/index.php?rest_route=\/wp\/v2\/pages\/170\/revisions"}],"predecessor-version":[{"id":468,"href":"https:\/\/www.lagler-technik.at\/index.php?rest_route=\/wp\/v2\/pages\/170\/revisions\/468"}],"up":[{"embeddable":true,"href":"https:\/\/www.lagler-technik.at\/index.php?rest_route=\/wp\/v2\/pages\/6"}],"wp:attachment":[{"href":"https:\/\/www.lagler-technik.at\/index.php?rest_route=%2Fwp%2Fv2%2Fmedia&parent=170"}],"curies":[{"name":"wp","href":"https:\/\/api.w.org\/{rel}","templated":true}]}}