{"id":168,"date":"2024-11-22T15:59:51","date_gmt":"2024-11-22T14:59:51","guid":{"rendered":"http:\/\/disigner.bplaced.net\/kaffeetechnik\/?page_id=168"},"modified":"2025-03-16T18:59:55","modified_gmt":"2025-03-16T17:59:55","slug":"leihgeraete","status":"publish","type":"page","link":"https:\/\/www.lagler-technik.at\/?page_id=168","title":{"rendered":"Leihger\u00e4te"},"content":{"rendered":"\n<div class=\"wp-block-columns is-layout-flex wp-container-core-columns-is-layout-28f84493 wp-block-columns-is-layout-flex\">\n<div class=\"wp-block-column is-layout-flow wp-block-column-is-layout-flow\" style=\"flex-basis:100%\">\n<p style=\"margin-bottom:var(--wp--preset--spacing--40)\">Die Ger\u00e4te zum Ausleihen, solange die eigene Kaffeemaschine in Reparatur ist!<\/p>\n<\/div>\n<\/div>\n\n\n\n<p><\/p>\n\n\n\n<p>Wir bieten ihnen auch den&nbsp; Verkauf von general\u00fcberholten und servicierten Kaffeevollautomaten&nbsp;an.<\/p>\n\n\n\n<p>Wir haben \u00fcblicherweise mehrere Kaffeevollautomaten g\u00e4ngiger Marken zum Verkauf.<\/p>\n\n\n\n<p><\/p>\n\n\n\n<p>Die hier gezeigten Bilder dienen nur symbolisch zur Darstellung. <\/p>\n\n\n\n<p>Bei Interesse bitte wir um Kontaktaufnahme.<\/p>\n\n\n\n<p>Gerne beraten wir sie Vorort.<\/p>\n\n\n\n<div class=\"wp-block-columns is-layout-flex wp-container-core-columns-is-layout-28f84493 wp-block-columns-is-layout-flex\">\n<div class=\"wp-block-column is-layout-flow wp-block-column-is-layout-flow\" style=\"flex-basis:100%\">\n<pre class=\"wp-block-preformatted\"><div id=\"metaslider-id-227\" style=\"max-width: 300px;\" class=\"ml-slider-3-108-0 metaslider metaslider-flex metaslider-227 ml-slider ms-theme-clarity nav-hidden\" role=\"region\" aria-label=\"Kaffeemaschinen Leihger\u00e4te Philips\" data-height=\"300\" data-width=\"300\">\n    <div id=\"metaslider_container_227\">\n        <div id=\"metaslider_227\">\n            <ul class='slides'>\n                <li style=\"display: block; width: 100%;\" class=\"slide-231 ms-image \" aria-roledescription=\"slide\" data-date=\"2024-12-04 11:10:21\" data-filename=\"PhilipsEP2200-300x300.webp\" data-slide-type=\"image\"><img loading=\"lazy\" decoding=\"async\" src=\"https:\/\/www.lagler-technik.at\/wp-content\/uploads\/2025\/03\/PhilipsEP2200-300x300.webp\" height=\"300\" width=\"300\" alt=\"\" class=\"slider-227 slide-231 msDefaultImage\" title=\"PhilipsEP2200\" \/><div class=\"caption-wrap\"><div class=\"caption\"><div>Philips Kaffee Vollautomaten<\/div><\/div><\/div><\/li>\n                <li style=\"display: none; width: 100%;\" class=\"slide-321 ms-image \" aria-roledescription=\"slide\" data-date=\"2025-03-05 09:38:29\" data-filename=\"SaecoIntelia-201x201.jpg\" data-slide-type=\"image\"><img loading=\"lazy\" decoding=\"async\" src=\"https:\/\/www.lagler-technik.at\/wp-content\/uploads\/2025\/03\/SaecoIntelia-201x201.jpg\" height=\"300\" width=\"300\" alt=\"\" class=\"slider-227 slide-321 msDefaultImage\" title=\"SaecoIntelia\" \/><div class=\"caption-wrap\"><div class=\"caption\"><div>DeLonghi Kaffee Vollautomaten<\/div><\/div><\/div><\/li>\n                <li style=\"display: none; width: 100%;\" class=\"slide-318 ms-image \" aria-roledescription=\"slide\" data-date=\"2025-03-05 09:34:17\" data-filename=\"DeLonghiMagnificaESAM3000-300x300.jpg\" data-slide-type=\"image\"><img loading=\"lazy\" decoding=\"async\" src=\"https:\/\/www.lagler-technik.at\/wp-content\/uploads\/2025\/03\/DeLonghiMagnificaESAM3000-300x300.jpg\" height=\"300\" width=\"300\" alt=\"\" class=\"slider-227 slide-318 msDefaultImage\" title=\"DeLonghiMagnificaESAM3000\" \/><div class=\"caption-wrap\"><div class=\"caption\"><div>DeLonghi Kaffee Vollautomaten<\/div><\/div><\/div><\/li>\n            <\/ul>\n        <\/div>\n        \n    <\/div>\n<\/div> <br><div id=\"metaslider-id-322\" style=\"max-width: 300px;\" class=\"ml-slider-3-108-0 metaslider metaslider-flex metaslider-322 ml-slider ms-theme-clarity nav-hidden nav-hidden\" role=\"region\" aria-label=\"Kaffeemaschinen Leihger\u00e4te Saeco\" data-height=\"300\" data-width=\"300\">\n    <div id=\"metaslider_container_322\">\n        <div id=\"metaslider_322\">\n            <ul class='slides'>\n                <li style=\"display: block; width: 100%;\" class=\"slide-325 ms-image \" aria-roledescription=\"slide\" data-date=\"2025-03-05 09:48:15\" data-filename=\"SaecoIntelia-201x201.jpg\" data-slide-type=\"image\"><img loading=\"lazy\" decoding=\"async\" src=\"https:\/\/www.lagler-technik.at\/wp-content\/uploads\/2025\/03\/SaecoIntelia-201x201.jpg\" height=\"300\" width=\"300\" alt=\"\" class=\"slider-322 slide-325 msDefaultImage\" title=\"SaecoIntelia\" \/><div class=\"caption-wrap\"><div class=\"caption\"><div>Saeco Kaffee Vollautomaten<\/div><\/div><\/div><\/li>\n                <li style=\"display: none; width: 100%;\" class=\"slide-324 ms-image \" aria-roledescription=\"slide\" data-date=\"2025-03-05 09:48:15\" data-filename=\"PhilipsEP2200-300x300.webp\" data-slide-type=\"image\"><img loading=\"lazy\" decoding=\"async\" src=\"https:\/\/www.lagler-technik.at\/wp-content\/uploads\/2025\/03\/PhilipsEP2200-300x300.webp\" height=\"300\" width=\"300\" alt=\"\" class=\"slider-322 slide-324 msDefaultImage\" title=\"PhilipsEP2200\" \/><div class=\"caption-wrap\"><div class=\"caption\"><div>Philips Kaffee Vollautomaten<\/div><\/div><\/div><\/li>\n                <li style=\"display: none; width: 100%;\" class=\"slide-323 ms-image \" aria-roledescription=\"slide\" data-date=\"2025-03-05 09:48:15\" data-filename=\"DeLonghiMagnificaESAM3000-300x300.jpg\" data-slide-type=\"image\"><img loading=\"lazy\" decoding=\"async\" src=\"https:\/\/www.lagler-technik.at\/wp-content\/uploads\/2025\/03\/DeLonghiMagnificaESAM3000-300x300.jpg\" height=\"300\" width=\"300\" alt=\"\" class=\"slider-322 slide-323 msDefaultImage\" title=\"DeLonghiMagnificaESAM3000\" \/><div class=\"caption-wrap\"><div class=\"caption\"><div>DeLonghi Kaffee Vollautomaten<\/div><\/div><\/div><\/li>\n            <\/ul>\n        <\/div>\n        \n    <\/div>\n<\/div> <br><div id=\"metaslider-id-327\" style=\"max-width: 300px;\" class=\"ml-slider-3-108-0 metaslider metaslider-flex metaslider-327 ml-slider ms-theme-clarity nav-hidden nav-hidden nav-hidden\" role=\"region\" aria-label=\"Kaffeemaschinen Leihger\u00e4te DeLonghi\" data-height=\"300\" data-width=\"300\">\n    <div id=\"metaslider_container_327\">\n        <div id=\"metaslider_327\">\n            <ul class='slides'>\n                <li style=\"display: block; width: 100%;\" class=\"slide-328 ms-image \" aria-roledescription=\"slide\" data-date=\"2025-03-05 09:48:57\" data-filename=\"DeLonghiMagnificaESAM3000-300x300.jpg\" data-slide-type=\"image\"><img loading=\"lazy\" decoding=\"async\" src=\"https:\/\/www.lagler-technik.at\/wp-content\/uploads\/2025\/03\/DeLonghiMagnificaESAM3000-300x300.jpg\" height=\"300\" width=\"300\" alt=\"\" class=\"slider-327 slide-328 msDefaultImage\" title=\"DeLonghiMagnificaESAM3000\" \/><div class=\"caption-wrap\"><div class=\"caption\"><div>DeLonghi Kaffee Vollautomaten<\/div><\/div><\/div><\/li>\n                <li style=\"display: none; width: 100%;\" class=\"slide-329 ms-image \" aria-roledescription=\"slide\" data-date=\"2025-03-05 09:48:57\" data-filename=\"PhilipsEP2200-300x300.webp\" data-slide-type=\"image\"><img loading=\"lazy\" decoding=\"async\" src=\"https:\/\/www.lagler-technik.at\/wp-content\/uploads\/2025\/03\/PhilipsEP2200-300x300.webp\" height=\"300\" width=\"300\" alt=\"\" class=\"slider-327 slide-329 msDefaultImage\" title=\"PhilipsEP2200\" \/><div class=\"caption-wrap\"><div class=\"caption\"><div>Philips Kaffee Vollautomaten<\/div><\/div><\/div><\/li>\n                <li style=\"display: none; width: 100%;\" class=\"slide-330 ms-image \" aria-roledescription=\"slide\" data-date=\"2025-03-05 09:48:57\" data-filename=\"SaecoIntelia-201x201.jpg\" data-slide-type=\"image\"><img loading=\"lazy\" decoding=\"async\" src=\"https:\/\/www.lagler-technik.at\/wp-content\/uploads\/2025\/03\/SaecoIntelia-201x201.jpg\" height=\"300\" width=\"300\" alt=\"\" class=\"slider-327 slide-330 msDefaultImage\" title=\"SaecoIntelia\" \/><div class=\"caption-wrap\"><div class=\"caption\"><div>DeLonghi Kaffee Vollautomaten<\/div><\/div><\/div><\/li>\n            <\/ul>\n        <\/div>\n        \n    <\/div>\n<\/div><br><div id=\"metaslider-id-487\" style=\"max-width: 300px;\" class=\"ml-slider-3-108-0 metaslider metaslider-flex metaslider-487 ml-slider ms-theme-clarity nav-hidden nav-hidden nav-hidden nav-hidden\" role=\"region\" aria-label=\"Kaffeemaschinen Leihger\u00e4te Jura\" data-height=\"300\" data-width=\"300\">\n    <div id=\"metaslider_container_487\">\n        <div id=\"metaslider_487\">\n            <ul class='slides'>\n                <li style=\"display: block; width: 100%;\" class=\"slide-490 ms-image \" aria-roledescription=\"slide\" data-date=\"2025-03-16 18:57:43\" data-filename=\"Jura-300x300.jpg\" data-slide-type=\"image\"><img loading=\"lazy\" decoding=\"async\" src=\"https:\/\/www.lagler-technik.at\/wp-content\/uploads\/2025\/03\/Jura-300x300.jpg\" height=\"300\" width=\"300\" alt=\"\" class=\"slider-487 slide-490 msDefaultImage\" title=\"Jura\" \/><div class=\"caption-wrap\"><div class=\"caption\"><div>Jura Kaffee Vollautomaten<\/div><\/div><\/div><\/li>\n                <li style=\"display: none; width: 100%;\" class=\"slide-488 ms-image \" aria-roledescription=\"slide\" data-date=\"2025-03-16 18:57:43\" data-filename=\"DeLonghiMagnificaESAM3000-300x300.jpg\" data-slide-type=\"image\"><img loading=\"lazy\" decoding=\"async\" src=\"https:\/\/www.lagler-technik.at\/wp-content\/uploads\/2025\/03\/DeLonghiMagnificaESAM3000-300x300.jpg\" height=\"300\" width=\"300\" alt=\"\" class=\"slider-487 slide-488 msDefaultImage\" title=\"DeLonghiMagnificaESAM3000\" \/><div class=\"caption-wrap\"><div class=\"caption\"><div>DeLonghi Kaffee Vollautomaten<\/div><\/div><\/div><\/li>\n                <li style=\"display: none; width: 100%;\" class=\"slide-489 ms-image \" aria-roledescription=\"slide\" data-date=\"2025-03-16 18:57:43\" data-filename=\"PhilipsEP2200-300x300.webp\" data-slide-type=\"image\"><img loading=\"lazy\" decoding=\"async\" src=\"https:\/\/www.lagler-technik.at\/wp-content\/uploads\/2025\/03\/PhilipsEP2200-300x300.webp\" height=\"300\" width=\"300\" alt=\"\" class=\"slider-487 slide-489 msDefaultImage\" title=\"PhilipsEP2200\" \/><div class=\"caption-wrap\"><div class=\"caption\"><div>Philips Kaffee Vollautomaten<\/div><\/div><\/div><\/li>\n            <\/ul>\n        <\/div>\n        \n    <\/div>\n<\/div><\/pre>\n<\/div>\n<\/div>\n\n\n\n<p><\/p>\n","protected":false},"excerpt":{"rendered":"<p>Die Ger\u00e4te zum Ausleihen, solange die eigene Kaffeemaschine in Reparatur ist! Wir bieten ihnen auch den&nbsp; Verkauf von general\u00fcberholten und servicierten Kaffeevollautomaten&nbsp;an. Wir haben \u00fcblicherweise mehrere Kaffeevollautomaten g\u00e4ngiger Marken zum Verkauf. Die hier gezeigten Bilder dienen nur symbolisch zur Darstellung. Bei Interesse bitte wir um Kontaktaufnahme. Gerne beraten wir sie Vorort.<\/p>\n","protected":false},"author":1,"featured_media":0,"parent":13,"menu_order":0,"comment_status":"closed","ping_status":"closed","template":"","meta":{"footnotes":""},"class_list":["post-168","page","type-page","status-publish","hentry"],"_links":{"self":[{"href":"https:\/\/www.lagler-technik.at\/index.php?rest_route=\/wp\/v2\/pages\/168","targetHints":{"allow":["GET"]}}],"collection":[{"href":"https:\/\/www.lagler-technik.at\/index.php?rest_route=\/wp\/v2\/pages"}],"about":[{"href":"https:\/\/www.lagler-technik.at\/index.php?rest_route=\/wp\/v2\/types\/page"}],"author":[{"embeddable":true,"href":"https:\/\/www.lagler-technik.at\/index.php?rest_route=\/wp\/v2\/users\/1"}],"replies":[{"embeddable":true,"href":"https:\/\/www.lagler-technik.at\/index.php?rest_route=%2Fwp%2Fv2%2Fcomments&post=168"}],"version-history":[{"count":17,"href":"https:\/\/www.lagler-technik.at\/index.php?rest_route=\/wp\/v2\/pages\/168\/revisions"}],"predecessor-version":[{"id":492,"href":"https:\/\/www.lagler-technik.at\/index.php?rest_route=\/wp\/v2\/pages\/168\/revisions\/492"}],"up":[{"embeddable":true,"href":"https:\/\/www.lagler-technik.at\/index.php?rest_route=\/wp\/v2\/pages\/13"}],"wp:attachment":[{"href":"https:\/\/www.lagler-technik.at\/index.php?rest_route=%2Fwp%2Fv2%2Fmedia&parent=168"}],"curies":[{"name":"wp","href":"https:\/\/api.w.org\/{rel}","templated":true}]}}