{"id":165,"date":"2024-11-22T15:58:23","date_gmt":"2024-11-22T14:58:23","guid":{"rendered":"http:\/\/disigner.bplaced.net\/kaffeetechnik\/?page_id=165"},"modified":"2025-06-22T19:12:55","modified_gmt":"2025-06-22T17:12:55","slug":"reparaturbonsu","status":"publish","type":"page","link":"https:\/\/www.lagler-technik.at\/?page_id=165","title":{"rendered":"Reparaturbonus"},"content":{"rendered":"\n<p style=\"margin-top:var(--wp--preset--spacing--60);margin-bottom:var(--wp--preset--spacing--60)\">Meistens k\u00f6nnen wir ihre Kaffeemaschine kosteng\u00fcnstig und fachgerecht reparieren.<br>Um noch mehr Kosten zu sparen, bieten wir f\u00fcr die Reparatur oder das Service w\u00e4hrend des F\u00f6rderzeitraums den Reparaturbonus an.<br>Gerne erstellen wir gemeinsam einen Reparaturbon oder sie nehmen einen Bon als Ausdruck f\u00fcr uns mit.<br>Als Reparaturbon-Partnerbetrieb\u00a0<strong>l\u00f6sen<\/strong>\u00a0wir den Bon f\u00fcr sie ein.<br>Nach erfolgreicher Bezahlung des Rechnungsbetrags erfolgt der F\u00f6rderungsantrag als Partnerbetrieb von uns.<br>Die\u00a0<strong>Auszahlung<\/strong>\u00a0der F\u00f6rderung von bis zu 50% erfolgt auf das bei der Bon-Erstellung angegebene Bankkonto meist innerhalb von zwei Monaten.<\/p>\n\n\n\n<p><strong>Derzeit wurde die F\u00f6rderakion des Reparaturbons bis auf weiteres eingestellt.<\/strong><\/p>\n\n\n\n<p>Stand: 7.2025<\/p>\n\n\n\n<h2 class=\"wp-block-heading\" style=\"margin-top:var(--wp--preset--spacing--60);margin-bottom:var(--wp--preset--spacing--60)\">Erstellung:<\/h2>\n\n\n\n<div>\n<a href=\"https:\/\/bonus.reparaturbonus.at\/repbonus\/registrierungk\/\" target=\"_blank\">Link f\u00fcr Erstellung Reparaturbonus <\/a>\n<\/div>\n\n\n\n<h2 class=\"wp-block-heading\" style=\"margin-top:var(--wp--preset--spacing--60);margin-bottom:var(--wp--preset--spacing--60)\">Informationen:<\/h2>\n\n\n\n<div>\n<a href=\"https:\/\/www.reparaturbonus.at\/\" target=\"_blank\">Link f\u00fcr Informationen Reparaturbonus <\/a>\n<\/div>\n\n\n\n<p><\/p>\n","protected":false},"excerpt":{"rendered":"<p>Meistens k\u00f6nnen wir ihre Kaffeemaschine kosteng\u00fcnstig und fachgerecht reparieren.Um noch mehr Kosten zu sparen, bieten wir f\u00fcr die Reparatur oder das Service w\u00e4hrend des F\u00f6rderzeitraums den Reparaturbonus an.Gerne erstellen wir gemeinsam einen Reparaturbon oder sie nehmen einen Bon als Ausdruck f\u00fcr uns mit.Als Reparaturbon-Partnerbetrieb\u00a0l\u00f6sen\u00a0wir den Bon f\u00fcr sie ein.Nach erfolgreicher Bezahlung des Rechnungsbetrags erfolgt der [&hellip;]<\/p>\n","protected":false},"author":1,"featured_media":0,"parent":13,"menu_order":0,"comment_status":"closed","ping_status":"closed","template":"","meta":{"footnotes":""},"class_list":["post-165","page","type-page","status-publish","hentry"],"_links":{"self":[{"href":"https:\/\/www.lagler-technik.at\/index.php?rest_route=\/wp\/v2\/pages\/165","targetHints":{"allow":["GET"]}}],"collection":[{"href":"https:\/\/www.lagler-technik.at\/index.php?rest_route=\/wp\/v2\/pages"}],"about":[{"href":"https:\/\/www.lagler-technik.at\/index.php?rest_route=\/wp\/v2\/types\/page"}],"author":[{"embeddable":true,"href":"https:\/\/www.lagler-technik.at\/index.php?rest_route=\/wp\/v2\/users\/1"}],"replies":[{"embeddable":true,"href":"https:\/\/www.lagler-technik.at\/index.php?rest_route=%2Fwp%2Fv2%2Fcomments&post=165"}],"version-history":[{"count":17,"href":"https:\/\/www.lagler-technik.at\/index.php?rest_route=\/wp\/v2\/pages\/165\/revisions"}],"predecessor-version":[{"id":496,"href":"https:\/\/www.lagler-technik.at\/index.php?rest_route=\/wp\/v2\/pages\/165\/revisions\/496"}],"up":[{"embeddable":true,"href":"https:\/\/www.lagler-technik.at\/index.php?rest_route=\/wp\/v2\/pages\/13"}],"wp:attachment":[{"href":"https:\/\/www.lagler-technik.at\/index.php?rest_route=%2Fwp%2Fv2%2Fmedia&parent=165"}],"curies":[{"name":"wp","href":"https:\/\/api.w.org\/{rel}","templated":true}]}}