{"id":163,"date":"2024-11-22T15:56:07","date_gmt":"2024-11-22T14:56:07","guid":{"rendered":"http:\/\/disigner.bplaced.net\/kaffeetechnik\/?page_id=163"},"modified":"2025-03-16T18:49:32","modified_gmt":"2025-03-16T17:49:32","slug":"leistungen-2","status":"publish","type":"page","link":"https:\/\/www.lagler-technik.at\/?page_id=163","title":{"rendered":"Leistungen"},"content":{"rendered":"\n<h2 class=\"wp-block-heading\" style=\"padding-top:var(--wp--preset--spacing--60);padding-bottom:var(--wp--preset--spacing--60)\">Reparatur:<\/h2>\n\n\n\n<p>Funktioniert ihre Maschine nicht mehr wie \u00fcblich, es landet kaum noch Kaffee in ihrer Tasse, unter ihrer Maschine wird es nass oder sie k\u00f6nnen keinen Kaffee mehr beziehen, dann kontaktieren sie uns. <\/p>\n\n\n\n<h2 class=\"wp-block-heading\" style=\"margin-top:var(--wp--preset--spacing--60);margin-bottom:var(--wp--preset--spacing--60)\">Service \/ Wartung:<\/h2>\n\n\n\n<p style=\"margin-top:var(--wp--preset--spacing--60);margin-bottom:var(--wp--preset--spacing--60)\">Funktioniert ihre Maschine nicht mehr wie \u00fcblich, oder es landet kaum noch Kaffee in ihrer Tasse, dann deutet das meist auf ein Servicemangel hin. Ein Service sollte <strong>sp\u00e4testens alle zwei Jahre<\/strong> durchgef\u00fchrt werden. Bei h\u00e4ufigem Einsatz sollten sie den Serviceintervall <strong>j\u00e4hrlich <\/strong>durchf\u00fchren lassen.<\/p>\n\n\n\n<p><strong>Was verstehen wir unter Service und Wartung?<\/strong><\/p>\n\n\n\n<p style=\"margin-top:var(--wp--preset--spacing--60);margin-bottom:var(--wp--preset--spacing--60)\">Leider mussten wir feststellen, dass es immer wieder in manchen Reparaturwerkst\u00e4tten vorkommt, dass nur geringe Reparaturarbeiten\u00a0bzw. nur Wartungsarbeiten wie Reinigungsprogramme ausgef\u00fchrt werden.<br>Leider funktioniert danach ihr Ger\u00e4t oft nur kurz und Schmutz, Ablagerungen, Bakterien und Schimmel sind weiterhin in ihrem Ger\u00e4t.<\/p>\n\n\n\n<p style=\"margin-top:var(--wp--preset--spacing--60);margin-bottom:var(--wp--preset--spacing--60)\"><br>Sehr oft entstehen durch <strong><em>Kaffeer\u00fcckst\u00e4nde<\/em><\/strong> in ihrem Ger\u00e4t Bakterien, Keime und Schimmel, die ebenso in ihrer Tasse landen.<br>Auch <strong><em>Kalkablagerungen <\/em><\/strong>im Wasserkreislauf und im Erhitzer sind oft f\u00fcr einen Defekt ihres Ger\u00e4tes verantwortlich. <br><strong>Bei uns werden professionelle Wartungen, Service und vorbeugende Arbeiten durchgef\u00fchrt<\/strong> und dabei wird Kalk professionell entfernt. <br><br>Diverse Dichtungen und Bauteile werden getauscht, die Br\u00fcheinheit general\u00fcberholt, das Mahlwerk gepr\u00fcft und eingestellt, die Kaffeetemperatur kontrolliert und der Kaffeeauslauf gereinigt oder ausgetauscht.<\/p>\n\n\n\n<p>\u00d6fters ist auch eine Tiefenreinigung notwendig, um sehr starke Verunreinigungen in ihrer Kaffeemaschine zu beseitigen.<\/p>\n\n\n\n<p><\/p>\n\n\n\n<p><\/p>\n","protected":false},"excerpt":{"rendered":"<p>Reparatur: Funktioniert ihre Maschine nicht mehr wie \u00fcblich, es landet kaum noch Kaffee in ihrer Tasse, unter ihrer Maschine wird es nass oder sie k\u00f6nnen keinen Kaffee mehr beziehen, dann kontaktieren sie uns. Service \/ Wartung: Funktioniert ihre Maschine nicht mehr wie \u00fcblich, oder es landet kaum noch Kaffee in ihrer Tasse, dann deutet das [&hellip;]<\/p>\n","protected":false},"author":1,"featured_media":0,"parent":13,"menu_order":0,"comment_status":"closed","ping_status":"closed","template":"","meta":{"footnotes":""},"class_list":["post-163","page","type-page","status-publish","hentry"],"_links":{"self":[{"href":"https:\/\/www.lagler-technik.at\/index.php?rest_route=\/wp\/v2\/pages\/163","targetHints":{"allow":["GET"]}}],"collection":[{"href":"https:\/\/www.lagler-technik.at\/index.php?rest_route=\/wp\/v2\/pages"}],"about":[{"href":"https:\/\/www.lagler-technik.at\/index.php?rest_route=\/wp\/v2\/types\/page"}],"author":[{"embeddable":true,"href":"https:\/\/www.lagler-technik.at\/index.php?rest_route=\/wp\/v2\/users\/1"}],"replies":[{"embeddable":true,"href":"https:\/\/www.lagler-technik.at\/index.php?rest_route=%2Fwp%2Fv2%2Fcomments&post=163"}],"version-history":[{"count":14,"href":"https:\/\/www.lagler-technik.at\/index.php?rest_route=\/wp\/v2\/pages\/163\/revisions"}],"predecessor-version":[{"id":482,"href":"https:\/\/www.lagler-technik.at\/index.php?rest_route=\/wp\/v2\/pages\/163\/revisions\/482"}],"up":[{"embeddable":true,"href":"https:\/\/www.lagler-technik.at\/index.php?rest_route=\/wp\/v2\/pages\/13"}],"wp:attachment":[{"href":"https:\/\/www.lagler-technik.at\/index.php?rest_route=%2Fwp%2Fv2%2Fmedia&parent=163"}],"curies":[{"name":"wp","href":"https:\/\/api.w.org\/{rel}","templated":true}]}}