{"id":153,"date":"2024-11-20T14:01:22","date_gmt":"2024-11-20T13:01:22","guid":{"rendered":"http:\/\/disigner.bplaced.net\/kaffeetechnik\/?page_id=153"},"modified":"2025-03-16T18:41:04","modified_gmt":"2025-03-16T17:41:04","slug":"elektrotechnik","status":"publish","type":"page","link":"https:\/\/www.lagler-technik.at\/?page_id=153","title":{"rendered":"Elektrotechnik"},"content":{"rendered":"\n<h2 class=\"wp-block-heading\" style=\"margin-top:var(--wp--preset--spacing--60);margin-bottom:var(--wp--preset--spacing--60)\">Loxone \/ Hausautomation:<\/h2>\n\n\n\n<p>Gerne beraten wir sie im Bereich Hausautomation wie Loxone und Z\u00e4hlerverteilerk\u00e4stenumbau&#8230;<br>Bitte kontaktieren sie uns, wir nehmen uns gerne Zeit f\u00fcr ihr Anliegen.<\/p>\n\n\n\n<div>\n<a href=\"https:\/\/www.loxone.com\/dede\/partner\/3390-melk\/reinhard-friedrich-lagler\/\" target=\"_blank\">Link Loxone Partnerbetrieb <\/a>\n<\/div>\n\n\n\n<p><\/p>\n","protected":false},"excerpt":{"rendered":"<p>Loxone \/ Hausautomation: Gerne beraten wir sie im Bereich Hausautomation wie Loxone und Z\u00e4hlerverteilerk\u00e4stenumbau&#8230;Bitte kontaktieren sie uns, wir nehmen uns gerne Zeit f\u00fcr ihr Anliegen. Link Loxone Partnerbetrieb<\/p>\n","protected":false},"author":1,"featured_media":0,"parent":0,"menu_order":3,"comment_status":"closed","ping_status":"closed","template":"","meta":{"footnotes":""},"class_list":["post-153","page","type-page","status-publish","hentry"],"_links":{"self":[{"href":"https:\/\/www.lagler-technik.at\/index.php?rest_route=\/wp\/v2\/pages\/153","targetHints":{"allow":["GET"]}}],"collection":[{"href":"https:\/\/www.lagler-technik.at\/index.php?rest_route=\/wp\/v2\/pages"}],"about":[{"href":"https:\/\/www.lagler-technik.at\/index.php?rest_route=\/wp\/v2\/types\/page"}],"author":[{"embeddable":true,"href":"https:\/\/www.lagler-technik.at\/index.php?rest_route=\/wp\/v2\/users\/1"}],"replies":[{"embeddable":true,"href":"https:\/\/www.lagler-technik.at\/index.php?rest_route=%2Fwp%2Fv2%2Fcomments&post=153"}],"version-history":[{"count":6,"href":"https:\/\/www.lagler-technik.at\/index.php?rest_route=\/wp\/v2\/pages\/153\/revisions"}],"predecessor-version":[{"id":480,"href":"https:\/\/www.lagler-technik.at\/index.php?rest_route=\/wp\/v2\/pages\/153\/revisions\/480"}],"wp:attachment":[{"href":"https:\/\/www.lagler-technik.at\/index.php?rest_route=%2Fwp%2Fv2%2Fmedia&parent=153"}],"curies":[{"name":"wp","href":"https:\/\/api.w.org\/{rel}","templated":true}]}}