{"id":150,"date":"2024-10-08T16:12:24","date_gmt":"2024-10-08T14:12:24","guid":{"rendered":"http:\/\/disigner.bplaced.net\/kaffeetechnik\/?page_id=150"},"modified":"2025-03-16T19:02:32","modified_gmt":"2025-03-16T18:02:32","slug":"impressum","status":"publish","type":"page","link":"https:\/\/www.lagler-technik.at\/?page_id=150","title":{"rendered":"\u00dcber uns"},"content":{"rendered":"\n<p style=\"margin-bottom:var(--wp--preset--spacing--60)\">Mittlerweile gibt es uns seit dem Jahr 2020 und wir k\u00f6nnen auf viele zufriedene Kunden zur\u00fcckblicken.<\/p>\n\n\n\n<p>Es gelten ausschlie\u00dflich unsere AGB &amp; DSV. Aufrufbar auf dieser Homepage oder bei uns vor Ort.<\/p>\n\n\n\n<p><br><strong>F\u00fcr Ger\u00e4te-Reparaturen\/Service:<\/strong><\/p>\n\n\n\n<p>Mit der Auftragsbest\u00e4tigung zur Reparatur bzw. Service stimmen sie unserer Datenschutzverordnung (DSV) und<br>unseren allgemeinen Gesch\u00e4ftsbedingungen (AGB) zu und akzeptieren den angef\u00fchrten maximalen Reparaturbetrag.<br>Die Ware bleibt bis zur vollst\u00e4ndigen Zahlung unser Eigentum.<\/p>\n\n\n\n<p><\/p>\n\n\n\n<h4 class=\"wp-block-heading\" style=\"text-transform:none\"><strong>Informationen und Offenlegung gem\u00e4\u00df \u00a75 (1) ECG, \u00a7 25 MedienG, \u00a7 63 GewO und \u00a7 14 UGB<\/strong><\/h4>\n\n\n\n<p><strong>Webseitenbetreiber:<\/strong> Reinhard Lagler Kaffeetechnik<br><\/p>\n\n\n\n<p><strong>Anschrift:<\/strong> P\u00f6verding 36\/1, 3390 Melk<\/p>\n\n\n\n<p><strong>UID-Nr:<\/strong> <strong>ATU76127415<\/strong><br><strong>Gewerbeaufsichtbeh\u00f6rde:<\/strong> BH Melk<br><\/p>\n\n\n\n<p><strong>Kontaktdaten:<\/strong><br>Telefon: 0681\/816 72 93 6<br>Email: office@lagler-technik.at<br><\/p>\n\n\n\n<p><strong>Anwendbare Rechtsvorschrift:<\/strong> www.ris.bka.gv.at<br><strong>Berufsbezeichnung:<\/strong> Elektrotechnik und Handel<\/p>\n\n\n\n<p><strong>Online Streitbeilegung:<\/strong> Verbraucher, welche in \u00d6sterreich oder in einem sonstigen Vertragsstaat der ODR-VO niedergelassen sind, haben die M\u00f6glichkeit Probleme bez\u00fcglich dem entgeltlichen Kauf von Waren oder Dienstleistungen im Rahmen einer Online-Streitbeilegung (nach OS, AStG) zu l\u00f6sen. Die Europ\u00e4ische Kommission stellt eine Plattform hierf\u00fcr bereit: https:\/\/ec.europa.eu\/consumers\/odr<\/p>\n\n\n\n<p><strong>Urheberrecht:<\/strong> Die Inhalte dieser Webseite unterliegen, soweit dies rechtlich m\u00f6glich ist, diversen Schutzrechten (z.B dem Urheberrecht). Jegliche Verwendung\/Verbreitung von bereitgestelltem Material, welche urheberrechtlich untersagt ist, bedarf schriftlicher Zustimmung des Webseitenbetreibers.<\/p>\n\n\n\n<p><strong>Haftungsausschluss:<\/strong> Trotz sorgf\u00e4ltiger inhaltlicher Kontrolle \u00fcbernimmt der Webseitenbetreiber dieser Webseite keine Haftung f\u00fcr die Inhalte externer Links. F\u00fcr den Inhalt der verlinkten Seiten sind ausschlie\u00dflich deren Betreiber verantwortlich. Sollten Sie dennoch auf ausgehende Links aufmerksam werden, welche auf eine Webseite mit rechtswidriger T\u00e4tigkeit\/Information verweisen, ersuchen wir um dementsprechenden Hinweis, um diese nach \u00a7 17 Abs. 2 ECG umgehend zu entfernen.<br>Die Urheberrechte Dritter werden vom Betreiber dieser Webseite mit gr\u00f6\u00dfter Sorgfalt beachtet. Sollten Sie trotzdem auf eine Urheberrechtsverletzung aufmerksam werden, bitten wir um einen entsprechenden Hinweis. Bei Bekanntwerden derartiger Rechtsverletzungen werden wir den betroffenen Inhalt umgehend entfernen.<\/p>\n\n\n\n<p>Quelle: <strong><a href=\"https:\/\/www.fairesrecht.at\/kostenlos-impressum-erstellen-generator.php\">Impressum Generator \u00d6sterreich<\/a><\/strong><\/p>\n","protected":false},"excerpt":{"rendered":"<p>Mittlerweile gibt es uns seit dem Jahr 2020 und wir k\u00f6nnen auf viele zufriedene Kunden zur\u00fcckblicken. Es gelten ausschlie\u00dflich unsere AGB &amp; DSV. Aufrufbar auf dieser Homepage oder bei uns vor Ort. F\u00fcr Ger\u00e4te-Reparaturen\/Service: Mit der Auftragsbest\u00e4tigung zur Reparatur bzw. Service stimmen sie unserer Datenschutzverordnung (DSV) undunseren allgemeinen Gesch\u00e4ftsbedingungen (AGB) zu und akzeptieren den angef\u00fchrten [&hellip;]<\/p>\n","protected":false},"author":1,"featured_media":0,"parent":0,"menu_order":5,"comment_status":"closed","ping_status":"closed","template":"","meta":{"footnotes":""},"class_list":["post-150","page","type-page","status-publish","hentry"],"_links":{"self":[{"href":"https:\/\/www.lagler-technik.at\/index.php?rest_route=\/wp\/v2\/pages\/150","targetHints":{"allow":["GET"]}}],"collection":[{"href":"https:\/\/www.lagler-technik.at\/index.php?rest_route=\/wp\/v2\/pages"}],"about":[{"href":"https:\/\/www.lagler-technik.at\/index.php?rest_route=\/wp\/v2\/types\/page"}],"author":[{"embeddable":true,"href":"https:\/\/www.lagler-technik.at\/index.php?rest_route=\/wp\/v2\/users\/1"}],"replies":[{"embeddable":true,"href":"https:\/\/www.lagler-technik.at\/index.php?rest_route=%2Fwp%2Fv2%2Fcomments&post=150"}],"version-history":[{"count":9,"href":"https:\/\/www.lagler-technik.at\/index.php?rest_route=\/wp\/v2\/pages\/150\/revisions"}],"predecessor-version":[{"id":493,"href":"https:\/\/www.lagler-technik.at\/index.php?rest_route=\/wp\/v2\/pages\/150\/revisions\/493"}],"wp:attachment":[{"href":"https:\/\/www.lagler-technik.at\/index.php?rest_route=%2Fwp%2Fv2%2Fmedia&parent=150"}],"curies":[{"name":"wp","href":"https:\/\/api.w.org\/{rel}","templated":true}]}}