{"id":13,"date":"2024-09-30T14:50:53","date_gmt":"2024-09-30T12:50:53","guid":{"rendered":"http:\/\/disigner.bplaced.net\/kaffeetechnik\/?page_id=13"},"modified":"2025-03-10T16:25:15","modified_gmt":"2025-03-10T15:25:15","slug":"reparaturbonus","status":"publish","type":"page","link":"https:\/\/www.lagler-technik.at\/?page_id=13","title":{"rendered":"Kaffeetechnik"},"content":{"rendered":"\n<p>Als freie Werkstatt bieten wir eine schnelle und kosteng\u00fcnstige Reparatur aller g\u00e4ngigen Kaffeevollautomaten.<\/p>\n\n\n\n<p>Wir bitten Sie um Kontaktaufnahme per <a href=\"http:\/\/www.lagler-technik.at\/?page_id=11\" data-type=\"page\" data-id=\"11\" target=\"_blank\" rel=\"noreferrer noopener nofollow\"><em><strong>Telefon oder Email<\/strong><\/em><\/a> zur Terminabsprache.<\/p>\n\n\n\n<p style=\"margin-bottom:var(--wp--preset--spacing--50)\"> (Siehe Bereich Kontakt)<\/p>\n\n\n\n<p><\/p>\n\n\n\n<p>Bei uns erfolgt eine Reparatur wie folgt ab:<\/p>\n\n\n\n<ul class=\"wp-block-list\">\n<li>Vereinbarung eines Termines<\/li>\n\n\n\n<li>Vorort Bestandsaufnahme und Kostensch\u00e4tzung<\/li>\n\n\n\n<li>Bei Bedarf\/Wunsch wird gemeinsam ein Reparaturbon erstellt<\/li>\n\n\n\n<li>Kostenloses Leihger\u00e4t w\u00e4hrend der Reparatur m\u00f6glich<\/li>\n\n\n\n<li>Reparatur meistens innerhalb einer Woche<\/li>\n\n\n\n<li>Bezahlung Bar oder per \u00dcberweisung (Kartenzahlung steht bald zur Verf\u00fcgung)<\/li>\n\n\n\n<li style=\"margin-bottom:var(--wp--preset--spacing--60)\">Einl\u00f6sen des Reparaturbons von uns. Der halbe Rechnungsbetrag wird in der Regel innerhalb von zwei Monaten auf ihr Konto \u00fcberwiesen.<\/li>\n<\/ul>\n\n\n\n<p><\/p>\n\n\n\n<p><\/p>\n\n\n\n<p class=\"has-medium-font-size\"><\/p>\n\n\n\n<p class=\"has-medium-font-size\">Es wird dringend empfohlen, <strong>sp\u00e4testens alle zwei Jahre ein Service<\/strong> durchf\u00fchren zu lassen, <\/p>\n\n\n\n<p class=\"has-medium-font-size\" style=\"margin-bottom:var(--wp--preset--spacing--60)\">um Schmutz, Ablagerungen, Bakterien und Schimmel entfernen zu lassen. So k\u00f6nnen sie bedenkenlos leckeren Kaffee zubereiten und ihre Kaffeemaschine wird ihnen noch viele Jahre gute Dienste leisten.<\/p>\n\n\n\n<p><\/p>\n\n\n\n<div><iframe loading=\"lazy\" width=\"560\" height=\"315\" src=\"https:\/\/www.youtube.com\/embed\/uDNosndPwvo?si=c1eojyziCvv_qDXh\" title=\"YouTube video player\" frameborder=\"0\" allow=\"accelerometer; autoplay; clipboard-write; encrypted-media; gyroscope; picture-in-picture; web-share\" referrerpolicy=\"strict-origin-when-cross-origin\" allowfullscreen><\/iframe><\/div>\n","protected":false},"excerpt":{"rendered":"<p>Als freie Werkstatt bieten wir eine schnelle und kosteng\u00fcnstige Reparatur aller g\u00e4ngigen Kaffeevollautomaten. Wir bitten Sie um Kontaktaufnahme per Telefon oder Email zur Terminabsprache. (Siehe Bereich Kontakt) Bei uns erfolgt eine Reparatur wie folgt ab: Es wird dringend empfohlen, sp\u00e4testens alle zwei Jahre ein Service durchf\u00fchren zu lassen, um Schmutz, Ablagerungen, Bakterien und Schimmel entfernen [&hellip;]<\/p>\n","protected":false},"author":1,"featured_media":0,"parent":0,"menu_order":2,"comment_status":"closed","ping_status":"closed","template":"","meta":{"footnotes":""},"class_list":["post-13","page","type-page","status-publish","hentry"],"_links":{"self":[{"href":"https:\/\/www.lagler-technik.at\/index.php?rest_route=\/wp\/v2\/pages\/13","targetHints":{"allow":["GET"]}}],"collection":[{"href":"https:\/\/www.lagler-technik.at\/index.php?rest_route=\/wp\/v2\/pages"}],"about":[{"href":"https:\/\/www.lagler-technik.at\/index.php?rest_route=\/wp\/v2\/types\/page"}],"author":[{"embeddable":true,"href":"https:\/\/www.lagler-technik.at\/index.php?rest_route=\/wp\/v2\/users\/1"}],"replies":[{"embeddable":true,"href":"https:\/\/www.lagler-technik.at\/index.php?rest_route=%2Fwp%2Fv2%2Fcomments&post=13"}],"version-history":[{"count":28,"href":"https:\/\/www.lagler-technik.at\/index.php?rest_route=\/wp\/v2\/pages\/13\/revisions"}],"predecessor-version":[{"id":463,"href":"https:\/\/www.lagler-technik.at\/index.php?rest_route=\/wp\/v2\/pages\/13\/revisions\/463"}],"wp:attachment":[{"href":"https:\/\/www.lagler-technik.at\/index.php?rest_route=%2Fwp%2Fv2%2Fmedia&parent=13"}],"curies":[{"name":"wp","href":"https:\/\/api.w.org\/{rel}","templated":true}]}}