{"id":11,"date":"2024-09-30T14:50:31","date_gmt":"2024-09-30T12:50:31","guid":{"rendered":"http:\/\/disigner.bplaced.net\/kaffeetechnik\/?page_id=11"},"modified":"2025-03-10T16:11:22","modified_gmt":"2025-03-10T15:11:22","slug":"kontakt","status":"publish","type":"page","link":"https:\/\/www.lagler-technik.at\/?page_id=11","title":{"rendered":"Kontakt"},"content":{"rendered":"\n<p class=\"has-large-font-size\"><strong>Reinhard Lagler<\/strong><\/p>\n\n\n\n<p class=\"has-large-font-size\" style=\"margin-bottom:var(--wp--preset--spacing--60)\"><strong>Kaffee- und Elektrotechnik<\/strong><\/p>\n\n\n\n<p><\/p>\n\n\n\n<p class=\"has-medium-font-size\">P\u00f6verding 36\/1<\/p>\n\n\n\n<p class=\"has-medium-font-size\" style=\"margin-bottom:var(--wp--preset--spacing--60)\">3390 Melk<\/p>\n\n\n\n<p><\/p>\n\n\n\n<p id=\"Mobilnummer\">Mobil: 0681\/816 729 36<\/p>\n\n\n\n<p id=\"Email\" style=\"margin-bottom:var(--wp--preset--spacing--60)\">Mail: office@lagler-technik.at<\/p>\n\n\n\n<p><\/p>\n\n\n\n<p style=\"font-style:normal;font-weight:700\">\u00d6ffnungszeiten:<\/p>\n\n\n\n<p><em><strong>Wichtig: Es wird um eine telefonische Terminvergabe erbeten. <\/strong><\/em><\/p>\n\n\n\n<p style=\"margin-bottom:var(--wp--preset--spacing--60)\">Auch Terminvergabe au\u00dferhalb der \u00fcblichen \u00d6ffnungszeiten nach Kontaktaufnahme m\u00f6glich.<\/p>\n\n\n\n<p><\/p>\n\n\n\n<figure class=\"wp-block-table aligncenter is-style-stripes\"><table class=\"has-fixed-layout\"><thead><tr><th class=\"has-text-align-left\" data-align=\"left\">\u00d6ffnungszeiten<\/th><th><\/th><\/tr><\/thead><tbody><tr><td class=\"has-text-align-left\" data-align=\"left\">Dienstag<\/td><td>08:00-18:00<\/td><\/tr><tr><td class=\"has-text-align-left\" data-align=\"left\">Donnerstag<\/td><td>08:00\u201318:00<\/td><\/tr><tr><td class=\"has-text-align-left\" data-align=\"left\">Freitag<\/td><td>08:00\u201316:00<\/td><\/tr><\/tbody><tfoot><tr><td class=\"has-text-align-left\" data-align=\"left\"><\/td><td><\/td><\/tr><\/tfoot><\/table><\/figure>\n\n\n\n<p style=\"margin-top:var(--wp--preset--spacing--60);margin-bottom:var(--wp--preset--spacing--40)\"><strong>Anfahrt<\/strong><\/p>\n\n\n\n<p class=\"has-medium-font-size\" style=\"margin-bottom:var(--wp--preset--spacing--50)\"><\/p>\n\n\n\n<div><iframe src=\"https:\/\/www.google.com\/maps\/embed?pb=!1m18!1m12!1m3!1d263.80643547928725!2d15.332533198467637!3d48.206578598534755!2m3!1f0!2f0!3f0!3m2!1i1024!2i768!4f13.1!3m3!1m2!1s0x477265f99d8d83d5%3A0x2cb4af535c58ca72!2sReinhard%20Lagler%20Kaffeetechnik!5e0!3m2!1sde!2sat!4v1727793534836!5m2!1sde!2sat\" width=\"1000\" height=\"450\" style=\"border:0;\" allowfullscreen=\"\" loading=\"lazy\" referrerpolicy=\"no-referrer-when-downgrade\"><\/iframe><\/div>\n\n\n\n<p><\/p>\n","protected":false},"excerpt":{"rendered":"<p>Reinhard Lagler Kaffee- und Elektrotechnik P\u00f6verding 36\/1 3390 Melk Mobil: 0681\/816 729 36 Mail: office@lagler-technik.at \u00d6ffnungszeiten: Wichtig: Es wird um eine telefonische Terminvergabe erbeten. Auch Terminvergabe au\u00dferhalb der \u00fcblichen \u00d6ffnungszeiten nach Kontaktaufnahme m\u00f6glich. \u00d6ffnungszeiten Dienstag 08:00-18:00 Donnerstag 08:00\u201318:00 Freitag 08:00\u201316:00 Anfahrt<\/p>\n","protected":false},"author":1,"featured_media":0,"parent":0,"menu_order":6,"comment_status":"closed","ping_status":"closed","template":"","meta":{"footnotes":""},"class_list":["post-11","page","type-page","status-publish","hentry"],"_links":{"self":[{"href":"https:\/\/www.lagler-technik.at\/index.php?rest_route=\/wp\/v2\/pages\/11","targetHints":{"allow":["GET"]}}],"collection":[{"href":"https:\/\/www.lagler-technik.at\/index.php?rest_route=\/wp\/v2\/pages"}],"about":[{"href":"https:\/\/www.lagler-technik.at\/index.php?rest_route=\/wp\/v2\/types\/page"}],"author":[{"embeddable":true,"href":"https:\/\/www.lagler-technik.at\/index.php?rest_route=\/wp\/v2\/users\/1"}],"replies":[{"embeddable":true,"href":"https:\/\/www.lagler-technik.at\/index.php?rest_route=%2Fwp%2Fv2%2Fcomments&post=11"}],"version-history":[{"count":24,"href":"https:\/\/www.lagler-technik.at\/index.php?rest_route=\/wp\/v2\/pages\/11\/revisions"}],"predecessor-version":[{"id":458,"href":"https:\/\/www.lagler-technik.at\/index.php?rest_route=\/wp\/v2\/pages\/11\/revisions\/458"}],"wp:attachment":[{"href":"https:\/\/www.lagler-technik.at\/index.php?rest_route=%2Fwp%2Fv2%2Fmedia&parent=11"}],"curies":[{"name":"wp","href":"https:\/\/api.w.org\/{rel}","templated":true}]}}